{"id":1396,"date":"2021-08-31T09:04:18","date_gmt":"2021-08-31T09:04:18","guid":{"rendered":"https:\/\/lb.convenze.es\/?page_id=1396"},"modified":"2025-10-11T12:51:03","modified_gmt":"2025-10-11T12:51:03","slug":"nuestra-historia","status":"publish","type":"page","link":"https:\/\/lb.convenze.es\/?page_id=1396","title":{"rendered":"Nuestra historia"},"content":{"rendered":"<p>[et_pb_section fb_built=\u00bb1&#8243; _builder_version=\u00bb4.27.4&#8243; _module_preset=\u00bbdefault\u00bb background_image=\u00bbhttps:\/\/lb.convenze.es\/wp-content\/uploads\/2021\/08\/La-Barruca_historia_cabecera.jpg\u00bb custom_padding=\u00bb50px||174px||false|false\u00bb global_colors_info=\u00bb{}\u00bb][et_pb_row _builder_version=\u00bb4.16&#8243; _module_preset=\u00bbdefault\u00bb global_colors_info=\u00bb{}\u00bb][et_pb_column type=\u00bb4_4&#8243; _builder_version=\u00bb4.16&#8243; _module_preset=\u00bbdefault\u00bb global_colors_info=\u00bb{}\u00bb][et_pb_text _builder_version=\u00bb4.16&#8243; _module_preset=\u00bbdefault\u00bb header_text_color=\u00bb#FFFFFF\u00bb header_font_size=\u00bb58px\u00bb header_font_size_tablet=\u00bb\u00bb header_font_size_phone=\u00bb42px\u00bb header_font_size_last_edited=\u00bbon|phone\u00bb global_colors_info=\u00bb{}\u00bb]<\/p>\n<h1 style=\"text-align: center;\">HISTORIA<\/h1>\n<p>[\/et_pb_text][\/et_pb_column][\/et_pb_row][\/et_pb_section][et_pb_section fb_built=\u00bb1&#8243; custom_padding_last_edited=\u00bbon|phone\u00bb _builder_version=\u00bb4.16&#8243; _module_preset=\u00bbdefault\u00bb width=\u00bb100%\u00bb custom_padding=\u00bb80px||80px||false|false\u00bb custom_padding_tablet=\u00bb\u00bb custom_padding_phone=\u00bb40px||40px||false|false\u00bb global_colors_info=\u00bb{}\u00bb][et_pb_row column_structure=\u00bb1_2,1_2&#8243; custom_padding_last_edited=\u00bbon|phone\u00bb _builder_version=\u00bb4.27.4&#8243; _module_preset=\u00bbdefault\u00bb custom_padding=\u00bb||60px||false|false\u00bb custom_padding_tablet=\u00bb||20px||false|false\u00bb custom_padding_phone=\u00bb\u00bb hover_enabled=\u00bb0&#8243; global_colors_info=\u00bb{}\u00bb module_class=\u00bbbarruca-product-box\u00bb custom_css_free_form=\u00bb\/* =========================================================||   MODELO SERIO &#038; FORMAL (sin amarillo)||   ========================================================= *\/||||\/* Contenedor limpio *\/||.barruca-product-box{||  background:#fff;||  border:1px solid #e6e6e6;||  border-radius:16px;||  box-shadow:0 8px 24px rgba(0,0,0,.08);||  padding:22px;||}||||\/* T\u00edtulos de grupo *\/||.barruca-product-box h3,||.barruca-product-box h4,||.barruca-product-box .wcpa_heading{||  margin:16px 0 10px;||  font-weight:800;||  letter-spacing:.2px;||  color:#111;||}||||\/* Selects sobrios (nativo + select2) *\/||.barruca-product-box select,||.barruca-product-box .select2-container&#8211;default .select2-selection&#8211;single{||  width:100% !important;||  height:48px !important;||  border-radius:12px !important;||  border:1px solid #d1d5db !important; \/* gris *\/||  background:#f3f4f6 !important;       \/* gris muy claro *\/||  padding:0 14px !important;||  font-weight:600 !important;||  line-height:48px !important;||  appearance:none !important;||}||.barruca-product-box select:focus,||.barruca-product-box .select2-container&#8211;default .select2-selection&#8211;single:focus{||  outline:none !important;||  border-color:#cd1719 !important;||  box-shadow:0 0 0 3px rgba(205,23,25,.15) !important; \/* rojo Barruca suave *\/||}||\/* Ajustes internos de select2 *\/||.barruca-product-box .select2-container&#8211;default .select2-selection&#8211;single .select2-selection__rendered{||  line-height:48px !important; font-weight:600 !important;||}||.barruca-product-box .select2-container&#8211;default .select2-selection&#8211;single .select2-selection__arrow{||  height:48px !important;||}||||\/* Cantidad *\/||.barruca-product-box .quantity .qty{||  height:44px; width:72px;||  border:1px solid #d1d5db; border-radius:10px;||  background:#fff; text-align:center; font-weight:700; color:#111;||}||||\/* Separadores y bloques de totales *\/||.barruca-product-box .tm-final-totals,||.barruca-product-box .tm-epo-totals,||.barruca-product-box .wcpa_price_wrap,||.barruca-product-box .price{||  margin-top:16px;||  padding-top:14px;||  border-top:1px solid #eee;||}||.barruca-product-box .tm-final-totals .tm-final-totals-total,||.barruca-product-box .wcpa_total_price,||.barruca-product-box .price{||  display:flex; justify-content:space-between; align-items:center; gap:10px;||}||.barruca-product-box .tm-final-totals,||.barruca-product-box .wcpa_price_wrap{||  background:#f8f9fa;           \/* gris casi blanco *\/||  border-radius:12px;||  padding:14px 16px;||}||.barruca-product-box .amount{font-weight:800; color:#111;}||.barruca-product-box .tm-final-totals .tm-final-totals-total:last-child .amount{||  color:#cd1719;                 \/* total en rojo Barruca *\/||}||||\/* Bot\u00f3n a\u00f1adir al carrito \u2014 sobrio y estable *\/||.barruca-product-box .single_add_to_cart_button,||.barruca-product-box button.single_add_to_cart_button{||  display:inline-flex; align-items:center; justify-content:center;||  background:#111; color:#fff;||  border:2px solid #111;          \/* mismo grosor en hover \u2192 sin saltos *\/||  border-radius:12px;||  padding:12px 22px;||  font-weight:800; letter-spacing:.2px;||  box-shadow:0 8px 18px rgba(0,0,0,.15);||  transition: background-color .2s ease, color .2s ease, box-shadow .2s ease;||}||.barruca-product-box .single_add_to_cart_button:hover,||.barruca-product-box button.single_add_to_cart_button:hover{||  background:#cd1719; color:#fff; border-color:#cd1719; \/* sin cambiar tama\u00f1o *\/||  box-shadow:0 10px 22px rgba(0,0,0,.18);||}||\/* Estados sin animaciones raras *\/||.barruca-product-box .single_add_to_cart_button:before,||.barruca-product-box .single_add_to_cart_button:after{content:none!important;}||.barruca-product-box .single_add_to_cart_button:active,||.barruca-product-box .single_add_to_cart_button:focus{||  outline:2px solid rgba(205,23,25,.25); outline-offset:2px;||}||\u00bb sticky_enabled=\u00bb0&#8243;][et_pb_column type=\u00bb1_2&#8243; _builder_version=\u00bb4.16&#8243; _module_preset=\u00bbdefault\u00bb global_colors_info=\u00bb{}\u00bb][et_pb_divider color=\u00bb#cc1719&#8243; divider_weight=\u00bb5px\u00bb _builder_version=\u00bb4.16&#8243; _module_preset=\u00bbdefault\u00bb width=\u00bb30%\u00bb module_alignment=\u00bbright\u00bb custom_margin=\u00bb||5px||false|false\u00bb module_alignment_tablet=\u00bbcenter\u00bb module_alignment_phone=\u00bb\u00bb module_alignment_last_edited=\u00bbon|phone\u00bb global_colors_info=\u00bb{}\u00bb][\/et_pb_divider][et_pb_text _builder_version=\u00bb4.27.4&#8243; _module_preset=\u00bbdefault\u00bb text_font=\u00bbFredoka One|&#8211;et_global_body_font_weight|||||||\u00bb text_text_color=\u00bb#000000&#8243; header_3_text_align=\u00bbright\u00bb custom_margin=\u00bb||0px||false|false\u00bb custom_padding=\u00bb||||false|false\u00bb header_3_text_align_tablet=\u00bbcenter\u00bb header_3_text_align_phone=\u00bb\u00bb header_3_text_align_last_edited=\u00bbon|phone\u00bb global_colors_info=\u00bb{}\u00bb]<\/p>\n<h3>SOBRE NOSOTROS<\/h3>\n<p>[\/et_pb_text][et_pb_text _builder_version=\u00bb4.16&#8243; _module_preset=\u00bbdefault\u00bb text_font=\u00bbDINPro-Light-Italic||||||||\u00bb text_text_color=\u00bb#cc1719&#8243; text_orientation=\u00bbright\u00bb custom_margin=\u00bb||20px||false|false\u00bb text_orientation_tablet=\u00bbcenter\u00bb text_orientation_phone=\u00bb\u00bb text_orientation_last_edited=\u00bbon|tablet\u00bb global_colors_info=\u00bb{}\u00bb]<\/p>\n<p>Un poco de historia<\/p>\n<p>[\/et_pb_text][et_pb_text _builder_version=\u00bb4.27.4&#8243; _module_preset=\u00bbdefault\u00bb text_orientation=\u00bbright\u00bb hover_enabled=\u00bb0&#8243; text_orientation_tablet=\u00bbleft\u00bb text_orientation_phone=\u00bb\u00bb text_orientation_last_edited=\u00bbon|desktop\u00bb global_colors_info=\u00bb{}\u00bb text_font=\u00bbAlegreya Sans||||||||\u00bb sticky_enabled=\u00bb0&#8243;]<\/p>\n<p>En 2011 abri\u00f3 sus puertas la primera Barruca frente al Cine Los \u00c1ngeles. Con aquel primer local quer\u00edamos demostrar que una haburguesa sana y de calidad era algo que nada ten\u00eda que ver con el \u00abFast food\u00bb ni con precios desorbitados.<\/p>\n<p>Desde el principio apostamos por la m\u00e1xima exigencia y honestidad a la hora de elaborar nuestra carta. Con materias primas de primera calidad y asegurando que nuestro pan est\u00e1 horneado por nosotros. Elegimos proveedores cercanos a nosotros y con producto de calidad, para que la experiencia de comer con nosotros sea inigualable. Poco a poco vamos equipando mejor nuestros locales para poder ofrecerles el mejor servicio.<\/p>\n<p>Hoy m\u00e1s que nunca queremos daros las gracias por tantos a\u00f1os de felicidad a la Barruca y por haber sabido guiarnos hacia la calidad. Seguimos haciendo las cosas con la misma honestidad, exigencia y mimo.<\/p>\n<p>Para que siga siendo verdad que comer sano y rico est\u00e1 al alcance de todos los bolsillos. Creemos que la comida r\u00e1pida, bien hecha, puede ser tambi\u00e9n comida de calidad.<\/p>\n<p>[\/et_pb_text][\/et_pb_column][et_pb_column type=\u00bb1_2&#8243; _builder_version=\u00bb4.16&#8243; _module_preset=\u00bbdefault\u00bb global_colors_info=\u00bb{}\u00bb][et_pb_image src=\u00bbhttps:\/\/lb.convenze.es\/wp-content\/uploads\/2021\/08\/La-Barruca_historia_imagen-1.jpg\u00bb align=\u00bbcenter\u00bb _builder_version=\u00bb4.16&#8243; _module_preset=\u00bbdefault\u00bb global_colors_info=\u00bb{}\u00bb][\/et_pb_image][\/et_pb_column][\/et_pb_row][et_pb_row column_structure=\u00bb1_2,1_2&#8243; _builder_version=\u00bb4.27.4&#8243; _module_preset=\u00bbdefault\u00bb hover_enabled=\u00bb0&#8243; global_colors_info=\u00bb{}\u00bb custom_css_free_form=\u00bb\/* =========================================================||   MODELO SERIO &#038; FORMAL (sin amarillo)||   ========================================================= *\/||||\/* Contenedor limpio *\/||.barruca-product-box{||  background:#fff;||  border:1px solid #e6e6e6;||  border-radius:16px;||  box-shadow:0 8px 24px rgba(0,0,0,.08);||  padding:22px;||}||||\/* T\u00edtulos de grupo *\/||.barruca-product-box h3,||.barruca-product-box h4,||.barruca-product-box .wcpa_heading{||  margin:16px 0 10px;||  font-weight:800;||  letter-spacing:.2px;||  color:#111;||}||||\/* Selects sobrios (nativo + select2) *\/||.barruca-product-box select,||.barruca-product-box .select2-container&#8211;default .select2-selection&#8211;single{||  width:100% !important;||  height:48px !important;||  border-radius:12px !important;||  border:1px solid #d1d5db !important; \/* gris *\/||  background:#f3f4f6 !important;       \/* gris muy claro *\/||  padding:0 14px !important;||  font-weight:600 !important;||  line-height:48px !important;||  appearance:none !important;||}||.barruca-product-box select:focus,||.barruca-product-box .select2-container&#8211;default .select2-selection&#8211;single:focus{||  outline:none !important;||  border-color:#cd1719 !important;||  box-shadow:0 0 0 3px rgba(205,23,25,.15) !important; \/* rojo Barruca suave *\/||}||\/* Ajustes internos de select2 *\/||.barruca-product-box .select2-container&#8211;default .select2-selection&#8211;single .select2-selection__rendered{||  line-height:48px !important; font-weight:600 !important;||}||.barruca-product-box .select2-container&#8211;default .select2-selection&#8211;single .select2-selection__arrow{||  height:48px !important;||}||||\/* Cantidad *\/||.barruca-product-box .quantity .qty{||  height:44px; width:72px;||  border:1px solid #d1d5db; border-radius:10px;||  background:#fff; text-align:center; font-weight:700; color:#111;||}||||\/* Separadores y bloques de totales *\/||.barruca-product-box .tm-final-totals,||.barruca-product-box .tm-epo-totals,||.barruca-product-box .wcpa_price_wrap,||.barruca-product-box .price{||  margin-top:16px;||  padding-top:14px;||  border-top:1px solid #eee;||}||.barruca-product-box .tm-final-totals .tm-final-totals-total,||.barruca-product-box .wcpa_total_price,||.barruca-product-box .price{||  display:flex; justify-content:space-between; align-items:center; gap:10px;||}||.barruca-product-box .tm-final-totals,||.barruca-product-box .wcpa_price_wrap{||  background:#f8f9fa;           \/* gris casi blanco *\/||  border-radius:12px;||  padding:14px 16px;||}||.barruca-product-box .amount{font-weight:800; color:#111;}||.barruca-product-box .tm-final-totals .tm-final-totals-total:last-child .amount{||  color:#cd1719;                 \/* total en rojo Barruca *\/||}||||\/* Bot\u00f3n a\u00f1adir al carrito \u2014 sobrio y estable *\/||.barruca-product-box .single_add_to_cart_button,||.barruca-product-box button.single_add_to_cart_button{||  display:inline-flex; align-items:center; justify-content:center;||  background:#111; color:#fff;||  border:2px solid #111;          \/* mismo grosor en hover \u2192 sin saltos *\/||  border-radius:12px;||  padding:12px 22px;||  font-weight:800; letter-spacing:.2px;||  box-shadow:0 8px 18px rgba(0,0,0,.15);||  transition: background-color .2s ease, color .2s ease, box-shadow .2s ease;||}||.barruca-product-box .single_add_to_cart_button:hover,||.barruca-product-box button.single_add_to_cart_button:hover{||  background:#cd1719; color:#fff; border-color:#cd1719; \/* sin cambiar tama\u00f1o *\/||  box-shadow:0 10px 22px rgba(0,0,0,.18);||}||\/* Estados sin animaciones raras *\/||.barruca-product-box .single_add_to_cart_button:before,||.barruca-product-box .single_add_to_cart_button:after{content:none!important;}||.barruca-product-box .single_add_to_cart_button:active,||.barruca-product-box .single_add_to_cart_button:focus{||  outline:2px solid rgba(205,23,25,.25); outline-offset:2px;||}||\u00bb module_class=\u00bbbarruca-product-box\u00bb sticky_enabled=\u00bb0&#8243;][et_pb_column type=\u00bb1_2&#8243; _builder_version=\u00bb4.16&#8243; _module_preset=\u00bbdefault\u00bb global_colors_info=\u00bb{}\u00bb][et_pb_image src=\u00bbhttps:\/\/lb.convenze.es\/wp-content\/uploads\/2021\/08\/La-Barruca_historia_imagen-2.jpg\u00bb align=\u00bbcenter\u00bb _builder_version=\u00bb4.16&#8243; _module_preset=\u00bbdefault\u00bb global_colors_info=\u00bb{}\u00bb][\/et_pb_image][\/et_pb_column][et_pb_column type=\u00bb1_2&#8243; _builder_version=\u00bb4.16&#8243; _module_preset=\u00bbdefault\u00bb global_colors_info=\u00bb{}\u00bb][et_pb_divider color=\u00bb#cc1719&#8243; divider_weight=\u00bb5px\u00bb _builder_version=\u00bb4.16&#8243; _module_preset=\u00bbdefault\u00bb width=\u00bb30%\u00bb module_alignment=\u00bbleft\u00bb custom_margin=\u00bb||5px||false|false\u00bb module_alignment_tablet=\u00bbcenter\u00bb module_alignment_phone=\u00bb\u00bb module_alignment_last_edited=\u00bbon|phone\u00bb global_colors_info=\u00bb{}\u00bb][\/et_pb_divider][et_pb_text _builder_version=\u00bb4.27.4&#8243; _module_preset=\u00bbdefault\u00bb custom_margin=\u00bb||0px||false|false\u00bb custom_padding=\u00bb||||false|false\u00bb hover_enabled=\u00bb0&#8243; header_3_text_align_tablet=\u00bbcenter\u00bb header_3_text_align_phone=\u00bb\u00bb header_3_text_align_last_edited=\u00bbon|tablet\u00bb global_colors_info=\u00bb{}\u00bb sticky_enabled=\u00bb0&#8243;]<\/p>\n<h3>HACIA D\u00d3NDE VAMOS<\/h3>\n<p>[\/et_pb_text][et_pb_text _builder_version=\u00bb4.16&#8243; _module_preset=\u00bbdefault\u00bb text_font=\u00bbDINPro-Light-Italic||||||||\u00bb text_text_color=\u00bb#cc1719&#8243; custom_margin=\u00bb||20px||false|false\u00bb text_orientation_tablet=\u00bbcenter\u00bb text_orientation_phone=\u00bb\u00bb text_orientation_last_edited=\u00bbon|desktop\u00bb global_colors_info=\u00bb{}\u00bb]<\/p>\n<p>Porque no es nuestra filosof\u00eda<\/p>\n<p>[\/et_pb_text][et_pb_text _builder_version=\u00bb4.27.4&#8243; _module_preset=\u00bbdefault\u00bb hover_enabled=\u00bb0&#8243; text_orientation_tablet=\u00bbleft\u00bb text_orientation_phone=\u00bb\u00bb text_orientation_last_edited=\u00bbon|phone\u00bb global_colors_info=\u00bb{}\u00bb text_font=\u00bbAlegreya Sans||||||||\u00bb sticky_enabled=\u00bb0&#8243;]<\/p>\n<p>Nuestro prop\u00f3sito es llevar la esencia y la magia de nuestros locales a todos los rincones del pa\u00eds, sin dejar de lado la calidad que nos caracteriza.<br data-start=\"357\" data-end=\"360\" \/>Cada detalle \u2014desde la selecci\u00f3n de los ingredientes hasta la atenci\u00f3n que ofrecemos\u2014 refleja un compromiso constante con la excelencia y la autenticidad.<\/p>\n<p>[\/et_pb_text][\/et_pb_column][\/et_pb_row][\/et_pb_section]<\/p>\n","protected":false},"excerpt":{"rendered":"<p>HISTORIASOBRE NOSOTROSUn poco de historiaEn 2011 abri\u00f3 sus puertas la primera Barruca frente al Cine Los \u00c1ngeles. Con aquel primer local quer\u00edamos demostrar que una haburguesa sana y de calidad era algo que nada ten\u00eda que ver con el \u00abFast food\u00bb ni con precios desorbitados. Desde el principio apostamos por la m\u00e1xima exigencia y honestidad [&hellip;]<\/p>\n","protected":false},"author":2,"featured_media":0,"parent":0,"menu_order":0,"comment_status":"closed","ping_status":"closed","template":"","meta":{"_et_pb_use_builder":"on","_et_pb_old_content":"","_et_gb_content_width":"","footnotes":""},"class_list":["post-1396","page","type-page","status-publish","hentry"],"yoast_head":"<!-- This site is optimized with the Yoast SEO plugin v25.9 - https:\/\/yoast.com\/wordpress\/plugins\/seo\/ -->\n<title>Nuestra historia - Restaurante La Barruca Santander<\/title>\n<meta name=\"robots\" content=\"index, follow, max-snippet:-1, max-image-preview:large, max-video-preview:-1\" \/>\n<link rel=\"canonical\" href=\"https:\/\/lb.convenze.es\/?page_id=1396\" \/>\n<meta property=\"og:locale\" content=\"es_ES\" \/>\n<meta property=\"og:type\" content=\"article\" \/>\n<meta property=\"og:title\" content=\"Nuestra historia - Restaurante La Barruca Santander\" \/>\n<meta property=\"og:url\" content=\"https:\/\/lb.convenze.es\/?page_id=1396\" \/>\n<meta property=\"og:site_name\" content=\"La Barruca\" \/>\n<meta property=\"article:modified_time\" content=\"2025-10-11T12:51:03+00:00\" \/>\n<meta name=\"twitter:card\" content=\"summary_large_image\" \/>\n<meta name=\"twitter:label1\" content=\"Tiempo de lectura\" \/>\n\t<meta name=\"twitter:data1\" content=\"1 minuto\" \/>\n<script type=\"application\/ld+json\" class=\"yoast-schema-graph\">{\"@context\":\"https:\/\/schema.org\",\"@graph\":[{\"@type\":\"WebPage\",\"@id\":\"https:\/\/lb.convenze.es\/?page_id=1396\",\"url\":\"https:\/\/lb.convenze.es\/?page_id=1396\",\"name\":\"Nuestra historia - Restaurante La Barruca Santander\",\"isPartOf\":{\"@id\":\"https:\/\/lb.convenze.es\/#website\"},\"datePublished\":\"2021-08-31T09:04:18+00:00\",\"dateModified\":\"2025-10-11T12:51:03+00:00\",\"breadcrumb\":{\"@id\":\"https:\/\/lb.convenze.es\/?page_id=1396#breadcrumb\"},\"inLanguage\":\"es\",\"potentialAction\":[{\"@type\":\"ReadAction\",\"target\":[\"https:\/\/lb.convenze.es\/?page_id=1396\"]}]},{\"@type\":\"BreadcrumbList\",\"@id\":\"https:\/\/lb.convenze.es\/?page_id=1396#breadcrumb\",\"itemListElement\":[{\"@type\":\"ListItem\",\"position\":1,\"name\":\"Portada\",\"item\":\"https:\/\/lb.convenze.es\/\"},{\"@type\":\"ListItem\",\"position\":2,\"name\":\"Nuestra historia\"}]},{\"@type\":\"WebSite\",\"@id\":\"https:\/\/lb.convenze.es\/#website\",\"url\":\"https:\/\/lb.convenze.es\/\",\"name\":\"La Barruca\",\"description\":\"La Barruca Santander\",\"publisher\":{\"@id\":\"https:\/\/lb.convenze.es\/#organization\"},\"potentialAction\":[{\"@type\":\"SearchAction\",\"target\":{\"@type\":\"EntryPoint\",\"urlTemplate\":\"https:\/\/lb.convenze.es\/?s={search_term_string}\"},\"query-input\":{\"@type\":\"PropertyValueSpecification\",\"valueRequired\":true,\"valueName\":\"search_term_string\"}}],\"inLanguage\":\"es\"},{\"@type\":\"Organization\",\"@id\":\"https:\/\/lb.convenze.es\/#organization\",\"name\":\"Restaurante La Barruca Santander\",\"url\":\"https:\/\/lb.convenze.es\/\",\"logo\":{\"@type\":\"ImageObject\",\"inLanguage\":\"es\",\"@id\":\"https:\/\/lb.convenze.es\/#\/schema\/logo\/image\/\",\"url\":\"https:\/\/i0.wp.com\/www.labarruca.com\/wp-content\/uploads\/2020\/05\/LA_BARRUCA_LOGO.jpg?fit=1000%2C1000&ssl=1\",\"contentUrl\":\"https:\/\/i0.wp.com\/www.labarruca.com\/wp-content\/uploads\/2020\/05\/LA_BARRUCA_LOGO.jpg?fit=1000%2C1000&ssl=1\",\"width\":1000,\"height\":1000,\"caption\":\"Restaurante La Barruca Santander\"},\"image\":{\"@id\":\"https:\/\/lb.convenze.es\/#\/schema\/logo\/image\/\"}}]}<\/script>\n<!-- \/ Yoast SEO plugin. -->","yoast_head_json":{"title":"Nuestra historia - Restaurante La Barruca Santander","robots":{"index":"index","follow":"follow","max-snippet":"max-snippet:-1","max-image-preview":"max-image-preview:large","max-video-preview":"max-video-preview:-1"},"canonical":"https:\/\/lb.convenze.es\/?page_id=1396","og_locale":"es_ES","og_type":"article","og_title":"Nuestra historia - Restaurante La Barruca Santander","og_url":"https:\/\/lb.convenze.es\/?page_id=1396","og_site_name":"La Barruca","article_modified_time":"2025-10-11T12:51:03+00:00","twitter_card":"summary_large_image","twitter_misc":{"Tiempo de lectura":"1 minuto"},"schema":{"@context":"https:\/\/schema.org","@graph":[{"@type":"WebPage","@id":"https:\/\/lb.convenze.es\/?page_id=1396","url":"https:\/\/lb.convenze.es\/?page_id=1396","name":"Nuestra historia - Restaurante La Barruca Santander","isPartOf":{"@id":"https:\/\/lb.convenze.es\/#website"},"datePublished":"2021-08-31T09:04:18+00:00","dateModified":"2025-10-11T12:51:03+00:00","breadcrumb":{"@id":"https:\/\/lb.convenze.es\/?page_id=1396#breadcrumb"},"inLanguage":"es","potentialAction":[{"@type":"ReadAction","target":["https:\/\/lb.convenze.es\/?page_id=1396"]}]},{"@type":"BreadcrumbList","@id":"https:\/\/lb.convenze.es\/?page_id=1396#breadcrumb","itemListElement":[{"@type":"ListItem","position":1,"name":"Portada","item":"https:\/\/lb.convenze.es\/"},{"@type":"ListItem","position":2,"name":"Nuestra historia"}]},{"@type":"WebSite","@id":"https:\/\/lb.convenze.es\/#website","url":"https:\/\/lb.convenze.es\/","name":"La Barruca","description":"La Barruca Santander","publisher":{"@id":"https:\/\/lb.convenze.es\/#organization"},"potentialAction":[{"@type":"SearchAction","target":{"@type":"EntryPoint","urlTemplate":"https:\/\/lb.convenze.es\/?s={search_term_string}"},"query-input":{"@type":"PropertyValueSpecification","valueRequired":true,"valueName":"search_term_string"}}],"inLanguage":"es"},{"@type":"Organization","@id":"https:\/\/lb.convenze.es\/#organization","name":"Restaurante La Barruca Santander","url":"https:\/\/lb.convenze.es\/","logo":{"@type":"ImageObject","inLanguage":"es","@id":"https:\/\/lb.convenze.es\/#\/schema\/logo\/image\/","url":"https:\/\/i0.wp.com\/www.labarruca.com\/wp-content\/uploads\/2020\/05\/LA_BARRUCA_LOGO.jpg?fit=1000%2C1000&ssl=1","contentUrl":"https:\/\/i0.wp.com\/www.labarruca.com\/wp-content\/uploads\/2020\/05\/LA_BARRUCA_LOGO.jpg?fit=1000%2C1000&ssl=1","width":1000,"height":1000,"caption":"Restaurante La Barruca Santander"},"image":{"@id":"https:\/\/lb.convenze.es\/#\/schema\/logo\/image\/"}}]}},"jetpack_sharing_enabled":true,"jetpack_shortlink":"https:\/\/wp.me\/PgQaIl-mw","jetpack-related-posts":[{"id":2566,"url":"https:\/\/lb.convenze.es\/?page_id=2566","url_meta":{"origin":1396,"position":0},"title":"Finalizar compra","author":"BlueSocialTeam","date":"30\/09\/2025","format":false,"excerpt":"","rel":"","context":"Entrada similar","block_context":{"text":"Entrada similar","link":""},"img":{"alt_text":"","src":"","width":0,"height":0},"classes":[]},{"id":1406,"url":"https:\/\/lb.convenze.es\/?page_id=1406","url_meta":{"origin":1396,"position":1},"title":"Contacto","author":"Jose La Barruca","date":"31\/08\/2021","format":false,"excerpt":"","rel":"","context":"Entrada similar","block_context":{"text":"Entrada similar","link":""},"img":{"alt_text":"","src":"","width":0,"height":0},"classes":[]}],"_links":{"self":[{"href":"https:\/\/lb.convenze.es\/index.php?rest_route=\/wp\/v2\/pages\/1396","targetHints":{"allow":["GET"]}}],"collection":[{"href":"https:\/\/lb.convenze.es\/index.php?rest_route=\/wp\/v2\/pages"}],"about":[{"href":"https:\/\/lb.convenze.es\/index.php?rest_route=\/wp\/v2\/types\/page"}],"author":[{"embeddable":true,"href":"https:\/\/lb.convenze.es\/index.php?rest_route=\/wp\/v2\/users\/2"}],"replies":[{"embeddable":true,"href":"https:\/\/lb.convenze.es\/index.php?rest_route=%2Fwp%2Fv2%2Fcomments&post=1396"}],"version-history":[{"count":8,"href":"https:\/\/lb.convenze.es\/index.php?rest_route=\/wp\/v2\/pages\/1396\/revisions"}],"predecessor-version":[{"id":3040,"href":"https:\/\/lb.convenze.es\/index.php?rest_route=\/wp\/v2\/pages\/1396\/revisions\/3040"}],"wp:attachment":[{"href":"https:\/\/lb.convenze.es\/index.php?rest_route=%2Fwp%2Fv2%2Fmedia&parent=1396"}],"curies":[{"name":"wp","href":"https:\/\/api.w.org\/{rel}","templated":true}]}}